{"id":90,"date":"2025-12-13T20:24:16","date_gmt":"2025-12-13T19:24:16","guid":{"rendered":"https:\/\/white-shepherd.sk\/kontakt-2\/"},"modified":"2025-12-30T08:32:50","modified_gmt":"2025-12-30T07:32:50","slug":"kontakt","status":"publish","type":"page","link":"https:\/\/white-shepherd.sk\/de\/kontakt\/","title":{"rendered":"Kontakt"},"content":{"rendered":"<div data-elementor-type=\"wp-page\" data-elementor-id=\"90\" class=\"elementor elementor-90\" data-elementor-post-type=\"page\">\n\t\t\t\t<div class=\"elementor-element elementor-element-58f6a55 e-flex e-con-boxed e-con e-parent\" data-id=\"58f6a55\" data-element_type=\"container\" data-e-type=\"container\" data-settings=\"{&quot;background_background&quot;:&quot;classic&quot;}\">\n\t\t\t\t\t<div class=\"e-con-inner\">\n\t\t\t\t\t<\/div>\n\t\t\t\t<\/div>\n\t\t<div class=\"elementor-element elementor-element-565770f9 e-flex e-con-boxed e-con e-parent\" data-id=\"565770f9\" data-element_type=\"container\" data-e-type=\"container\" data-settings=\"{&quot;background_background&quot;:&quot;classic&quot;,&quot;shape_divider_top&quot;:&quot;arrow&quot;}\">\n\t\t\t\t\t<div class=\"e-con-inner\">\n\t\t\t\t<div class=\"elementor-shape elementor-shape-top\" aria-hidden=\"true\" data-negative=\"false\">\n\t\t\t<svg xmlns=\"http:\/\/www.w3.org\/2000\/svg\" viewbox=\"0 0 700 10\" preserveaspectratio=\"none\">\n\t<path class=\"elementor-shape-fill\" d=\"M350,10L340,0h20L350,10z\"\/>\n<\/svg>\t\t<\/div>\n\t\t<div class=\"elementor-element elementor-element-958ce78 e-con-full e-flex e-con e-child\" data-id=\"958ce78\" data-element_type=\"container\" data-e-type=\"container\">\n\t\t\t\t<div class=\"elementor-element elementor-element-588ce2b4 elementor-widget elementor-widget-text-editor\" data-id=\"588ce2b4\" data-element_type=\"widget\" data-e-type=\"widget\" data-widget_type=\"text-editor.default\">\n\t\t\t\t\t\t\t\t\t<p>Ing. Milan Freund<\/p><p>Nov\u00e1 39, 901 01 Malacky<\/p><p>SK<\/p><p style=\"font-weight: 400;\">Telefon: +421\u00a0905\u00a0544\u00a0091<\/p><p style=\"font-weight: 400;\">Mail: <a href=\"mailto:office@e-manag.sk\">office@e-manag.sk<\/a><\/p>\t\t\t\t\t\t\t\t<\/div>\n\t\t\t\t<\/div>\n\t\t<div class=\"elementor-element elementor-element-57f329bb e-con-full e-flex e-con e-child\" data-id=\"57f329bb\" data-element_type=\"container\" data-e-type=\"container\">\n\t\t\t\t<div class=\"elementor-element elementor-element-02519b4 elementor-widget elementor-widget-html\" data-id=\"02519b4\" data-element_type=\"widget\" data-e-type=\"widget\" data-widget_type=\"html.default\">\n\t\t\t\t\t<iframe src=\"https:\/\/www.google.com\/maps\/embed?pb=!1m18!1m12!1m3!1d6644.764313971323!2d17.015372861628705!3d48.43969905928424!2m3!1f0!2f0!3f0!3m2!1i1024!2i768!4f13.1!3m3!1m2!1s0x476cc23e784300e3%3A0xe29ab112bb945608!2sNov%C3%A1%202822%2F39%2C%20901%2001%20Malacky%2C%20Slovakia!5e1!3m2!1sen!2sfr!4v1766994247869!5m2!1sen!2sfr\" width=\"800\" height=\"600\" style=\"border:0;\" allowfullscreen=\"\" loading=\"lazy\" referrerpolicy=\"no-referrer-when-downgrade\"><\/iframe>\t\t\t\t<\/div>\n\t\t\t\t<\/div>\n\t\t\t\t\t<\/div>\n\t\t\t\t<\/div>\n\t\t\t\t<\/div>","protected":false},"excerpt":{"rendered":"<p>Ing. Milan Freund Nov\u00e1 39, 901 01 Malacky Slovensk\u00e1 republika Telefon: +421\u00a0905\u00a0544\u00a0091 Mail: office@e-manag.sk<\/p>","protected":false},"author":1,"featured_media":0,"parent":0,"menu_order":0,"comment_status":"closed","ping_status":"closed","template":"elementor_header_footer","meta":{"slim_seo":{"title":"Kontakt - Chovate\u013esk\u00e1 stanica Vom Weissen Freund","description":"Ing. Milan Freund Nov\u00e1 39, 901 01 Malacky Slovensk\u00e1 republika Telefon: +421\u00a0905\u00a0544\u00a0091 Mail: office@e-manag.sk"},"iawp_total_views":86,"footnotes":""},"class_list":["post-90","page","type-page","status-publish","hentry"],"_links":{"self":[{"href":"https:\/\/white-shepherd.sk\/de\/wp-json\/wp\/v2\/pages\/90","targetHints":{"allow":["GET"]}}],"collection":[{"href":"https:\/\/white-shepherd.sk\/de\/wp-json\/wp\/v2\/pages"}],"about":[{"href":"https:\/\/white-shepherd.sk\/de\/wp-json\/wp\/v2\/types\/page"}],"author":[{"embeddable":true,"href":"https:\/\/white-shepherd.sk\/de\/wp-json\/wp\/v2\/users\/1"}],"replies":[{"embeddable":true,"href":"https:\/\/white-shepherd.sk\/de\/wp-json\/wp\/v2\/comments?post=90"}],"version-history":[{"count":14,"href":"https:\/\/white-shepherd.sk\/de\/wp-json\/wp\/v2\/pages\/90\/revisions"}],"predecessor-version":[{"id":719,"href":"https:\/\/white-shepherd.sk\/de\/wp-json\/wp\/v2\/pages\/90\/revisions\/719"}],"wp:attachment":[{"href":"https:\/\/white-shepherd.sk\/de\/wp-json\/wp\/v2\/media?parent=90"}],"curies":[{"name":"wp","href":"https:\/\/api.w.org\/{rel}","templated":true}]}}