{"id":93,"date":"2025-12-13T20:24:16","date_gmt":"2025-12-13T19:24:16","guid":{"rendered":"https:\/\/white-shepherd.sk\/o-nas\/"},"modified":"2026-02-15T10:13:35","modified_gmt":"2026-02-15T09:13:35","slug":"o-nas","status":"publish","type":"page","link":"https:\/\/white-shepherd.sk\/de\/o-nas\/","title":{"rendered":"\u00dcber uns"},"content":{"rendered":"<div data-elementor-type=\"wp-page\" data-elementor-id=\"93\" class=\"elementor elementor-93\" data-elementor-post-type=\"page\">\n\t\t\t\t<div class=\"elementor-element elementor-element-1937face e-flex e-con-boxed e-con e-parent\" data-id=\"1937face\" data-element_type=\"container\" data-e-type=\"container\">\n\t\t\t\t\t<div class=\"e-con-inner\">\n\t\t\t\t<div class=\"elementor-element elementor-element-5e7645eb elementor-widget elementor-widget-heading\" data-id=\"5e7645eb\" data-element_type=\"widget\" data-e-type=\"widget\" data-widget_type=\"heading.default\">\n\t\t\t\t\t<h2 class=\"elementor-heading-title elementor-size-default\">Hallo und Willkommen auf der Webseite unserer Zuchtstation<br> der weissen Schweizer Sch\u00e4ferhunde <br>\u201eVom Weissen Freund\u201c\n\n<\/h2>\t\t\t\t<\/div>\n\t\t\t\t<div class=\"elementor-element elementor-element-426bcc37 elementor-widget elementor-widget-text-editor\" data-id=\"426bcc37\" data-element_type=\"widget\" data-e-type=\"widget\" data-widget_type=\"text-editor.default\">\n\t\t\t\t\t\t\t\t\t<p>Angefangen mit der Zucht haben wir im Jahre 2003 mit unserem ersten wundersch\u00f6nen und einzigartigen Welpen, welchen wir noch im Auto auf der Heimreise vom Z\u00fcchter den Namen MONTY gegeben haben (laut Ahnentafel <a href=\"https:\/\/white-shepherd.sk\/de\/melody-boy-miraja\/\">MELODY BOY Miraja<\/a>). F\u00fcr uns war er vom ersten Moment unser Liebling und durch Abstimmung unter den Kindern im Auto haben wir \u00fcber seinen neuen Namen entschieden. Unser R\u00fcde MONTY ist zwar nicht mehr unter uns, aber wir verdanken ihm viele wundersch\u00f6ne Stunden und Erlebnisse auf Ausstellungen und Ausfl\u00fcgen wie im Ausland so auch auf den Wiesen und W\u00e4lder in unserer N\u00e4he. Er bleibt f\u00fcr immer in unseren Herzen. \u2028<\/p><p>Unsere Zuchtst\u00e4tte z\u00e4hlt nicht zu Welpenproduzenten, wir hatten nur einige wenige W\u00fcrfe. Unser erstes Ziel ist vor Allem die Gesundheit und ein sch\u00f6nes Leben f\u00fcr unsere Nachkommen (\u201eunsere Kinder\u201c) bei den neuen Familien zu sichern <a href=\"https:\/\/www.bielyovciak.eu\/\">.<\/a> .<\/p><p>Wen sie Lust haben sich mit unseren Lieblinge bekannt zu machen und Teil an unserer Freude haben wollen, klicken Sie sich auf unserer HP in Ruhe durch. \nWir w\u00fcnschen Ihnen angenehmes st\u00f6bern und falls sie \u00fcber Anschaffung eines Welpens dieser vielseitigen Rasse \u00fcberlegen, z\u00f6gern Sie uns nicht zu kontaktieren, wir beraten Sie gerne.<span class=\"Apple-converted-space\">\u00a0<\/span><\/p><p>Veronika und Milan<\/p>\t\t\t\t\t\t\t\t<\/div>\n\t\t<div class=\"elementor-element elementor-element-77261422 e-con-full e-flex e-con e-child\" data-id=\"77261422\" data-element_type=\"container\" data-e-type=\"container\" data-settings=\"{&quot;background_background&quot;:&quot;classic&quot;}\">\n\t\t<div class=\"elementor-element elementor-element-5d46ce34 e-con-full e-flex e-con e-child\" data-id=\"5d46ce34\" data-element_type=\"container\" data-e-type=\"container\">\n\t\t\t\t<div class=\"elementor-element elementor-element-471fa8f7 elementor-widget elementor-widget-image\" data-id=\"471fa8f7\" data-element_type=\"widget\" data-e-type=\"widget\" data-widget_type=\"image.default\">\n\t\t\t\t\t\t\t\t\t\t\t\t\t\t\t<img fetchpriority=\"high\" decoding=\"async\" width=\"1200\" height=\"900\" src=\"https:\/\/white-shepherd.sk\/wp-content\/uploads\/2025\/12\/biely-svajciarsky-ovciak-s-dcerou.avif\" class=\"attachment-full size-full wp-image-94\" alt=\"Biely svajciarsky ovciak s dcerou.avif\" srcset=\"https:\/\/white-shepherd.sk\/wp-content\/uploads\/2025\/12\/biely-svajciarsky-ovciak-s-dcerou.avif 1200w, https:\/\/white-shepherd.sk\/wp-content\/uploads\/2025\/12\/biely-svajciarsky-ovciak-s-dcerou-768x576.jpg 768w\" sizes=\"(max-width: 1200px) 100vw, 1200px\" \/>\t\t\t\t\t\t\t\t\t\t\t\t\t\t\t<\/div>\n\t\t\t\t<\/div>\n\t\t<div class=\"elementor-element elementor-element-49707251 e-con-full e-flex e-con e-child\" data-id=\"49707251\" data-element_type=\"container\" data-e-type=\"container\">\n\t\t<div class=\"elementor-element elementor-element-70a5b45a e-con-full e-flex e-con e-child\" data-id=\"70a5b45a\" data-element_type=\"container\" data-e-type=\"container\">\n\t\t\t\t<div class=\"elementor-element elementor-element-3f65e785 elementor-widget elementor-widget-image\" data-id=\"3f65e785\" data-element_type=\"widget\" data-e-type=\"widget\" data-widget_type=\"image.default\">\n\t\t\t\t\t\t\t\t\t\t\t\t\t\t\t<img decoding=\"async\" width=\"1200\" height=\"827\" src=\"https:\/\/white-shepherd.sk\/wp-content\/uploads\/2025\/12\/uvod-MELODY-BOY-Miraja.avif\" class=\"attachment-full size-full wp-image-95\" alt=\"Uvod MELODY BOY Miraja.avif\" srcset=\"https:\/\/white-shepherd.sk\/wp-content\/uploads\/2025\/12\/uvod-MELODY-BOY-Miraja.avif 1200w, https:\/\/white-shepherd.sk\/wp-content\/uploads\/2025\/12\/uvod-MELODY-BOY-Miraja-768x529.jpg 768w\" sizes=\"(max-width: 1200px) 100vw, 1200px\" \/>\t\t\t\t\t\t\t\t\t\t\t\t\t\t\t<\/div>\n\t\t\t\t<\/div>\n\t\t<div class=\"elementor-element elementor-element-75ac8a72 e-con-full e-flex e-con e-child\" data-id=\"75ac8a72\" data-element_type=\"container\" data-e-type=\"container\">\n\t\t\t\t<div class=\"elementor-element elementor-element-7fde494d elementor-widget elementor-widget-image\" data-id=\"7fde494d\" data-element_type=\"widget\" data-e-type=\"widget\" data-widget_type=\"image.default\">\n\t\t\t\t\t\t\t\t\t\t\t\t\t\t\t<img decoding=\"async\" width=\"1200\" height=\"900\" src=\"https:\/\/white-shepherd.sk\/wp-content\/uploads\/2025\/12\/o-nas-biely-svajciarsky-ovciak.avif\" class=\"attachment-full size-full wp-image-96\" alt=\"O nas biely svajciarsky ovciak.avif\" srcset=\"https:\/\/white-shepherd.sk\/wp-content\/uploads\/2025\/12\/o-nas-biely-svajciarsky-ovciak.avif 1200w, https:\/\/white-shepherd.sk\/wp-content\/uploads\/2025\/12\/o-nas-biely-svajciarsky-ovciak-768x576.jpg 768w\" sizes=\"(max-width: 1200px) 100vw, 1200px\" \/>\t\t\t\t\t\t\t\t\t\t\t\t\t\t\t<\/div>\n\t\t\t\t<\/div>\n\t\t\t\t<\/div>\n\t\t\t\t<\/div>\n\t\t\t\t\t<\/div>\n\t\t\t\t<\/div>\n\t\t\t\t<\/div>","protected":false},"excerpt":{"rendered":"<p>Vitajte na str\u00e1nke chovnej stanice Bielych \u0161vaj\u010diarskych ov\u010diakov \u201eVom Weissen Freund\u201c S chovom Bielych \u0160vaj\u010diarskych Ov\u010diakov sme za\u010dali v roku 2003 s na\u0161im prv\u00fdm n\u00e1dhern\u00fdm a jedine\u010dn\u00fdm \u0161teniatkom, ktor\u00e9mu sme e\u0161te v aute na ceste domov od chovate\u013ea dali meno MONTY (ofici\u00e1lne pod\u013ea rodokme\u0148a sa volal MELODY BOY Miraja). Pre n\u00e1s to bol od prv\u00e9ho [&hellip;]<\/p>\n","protected":false},"author":1,"featured_media":0,"parent":0,"menu_order":0,"comment_status":"closed","ping_status":"closed","template":"elementor_header_footer","meta":{"slim_seo":{"title":"O n\u00e1s - Chovate\u013esk\u00e1 stanica Vom Weissen Freund","description":"Vitajte na str\u00e1nke chovnej stanice Bielych \u0161vaj\u010diarskych ov\u010diakov \u201eVom Weissen Freund\u201c S chovom Bielych \u0160vaj\u010diarskych Ov\u010diakov sme za\u010dali v roku 2003 s na\u0161im pr"},"iawp_total_views":79,"footnotes":""},"class_list":["post-93","page","type-page","status-publish","hentry"],"_links":{"self":[{"href":"https:\/\/white-shepherd.sk\/de\/wp-json\/wp\/v2\/pages\/93","targetHints":{"allow":["GET"]}}],"collection":[{"href":"https:\/\/white-shepherd.sk\/de\/wp-json\/wp\/v2\/pages"}],"about":[{"href":"https:\/\/white-shepherd.sk\/de\/wp-json\/wp\/v2\/types\/page"}],"author":[{"embeddable":true,"href":"https:\/\/white-shepherd.sk\/de\/wp-json\/wp\/v2\/users\/1"}],"replies":[{"embeddable":true,"href":"https:\/\/white-shepherd.sk\/de\/wp-json\/wp\/v2\/comments?post=93"}],"version-history":[{"count":3,"href":"https:\/\/white-shepherd.sk\/de\/wp-json\/wp\/v2\/pages\/93\/revisions"}],"predecessor-version":[{"id":930,"href":"https:\/\/white-shepherd.sk\/de\/wp-json\/wp\/v2\/pages\/93\/revisions\/930"}],"wp:attachment":[{"href":"https:\/\/white-shepherd.sk\/de\/wp-json\/wp\/v2\/media?parent=93"}],"curies":[{"name":"wp","href":"https:\/\/api.w.org\/{rel}","templated":true}]}}